{"id":3484,"date":"2018-05-24T22:12:25","date_gmt":"2018-05-24T20:12:25","guid":{"rendered":"https:\/\/www.isolcasa.it\/reserved\/?page_id=3484"},"modified":"2020-08-25T00:16:20","modified_gmt":"2020-08-24T22:16:20","slug":"cookie-policy","status":"publish","type":"page","link":"https:\/\/www.isolcasa.it\/reserved\/cookie-policy\/","title":{"rendered":"Cookie Policy"},"content":{"rendered":"<h1><strong>INFORMATIVA ESTESA SUI COOKIE<\/strong><\/h1>\n<p><strong>Titolare del trattamento<\/strong><br \/>\n<strong>ISOLCASA<\/strong>\u00a0s.r.l. &#8211; Via Montalbano, 1377\/o &#8211; 47842 San Giovanni in M. (RN) Tel. 0541 955505 &#8211; Fax 0541 955444, \u00a0info@isolcasa.it, P.iva 02546590403.<\/p>\n<p>Utilizziamo i cookie per rendere il nostro sito pi\u00f9 facile ed intuitivo. I dati raccolti grazie ai cookie servono per rendere l\u2019esperienza di navigazione pi\u00f9 piacevole e pi\u00f9 efficiente in futuro.<\/p>\n<p><strong>Cosa sono i cookie?<\/strong><br \/>\nI cookie sono piccoli file di testo inviati dal sito al terminale dell\u2019interessato (solitamente al browser), dove vengono memorizzati per essere poi ritrasmessi al sito alla successiva visita del medesimo utente. Un cookie non pu\u00f2 richiamare nessun altro dato dal disco fisso dell\u2019utente n\u00e9 trasmettere virus informatici o acquisire indirizzi email. Ogni cookie \u00e8 unico per il web browser dell\u2019utente. Alcune delle funzioni dei cookie possono essere demandate ad altre tecnologie. Nel presente documento con il termine \u2018cookie\u2019 si vuol far riferimento sia ai cookie, propriamente detti, sia a tutte le tecnologie similari.<\/p>\n<p><strong>Tipologia dei cookie<\/strong><br \/>\nI cookie possono essere di prima o di terza parte, dove per \u201cprima parte\u201d si intendono i cookie che riportano come dominio il sito, mentre per \u201cterza parte\u201d si intendono i cookie che sono relativi a domini esterni.<\/p>\n<p>I cookie di terza parte sono necessariamente installati da un soggetto esterno, sempre definito come \u201cterza parte\u201d, non gestito dal sito. Tali soggetti possono eventualmente installare anche cookie di prima parte, salvando sul dominio del sito i propri cookie.<\/p>\n<p><strong>Natura dei cookie<\/strong><br \/>\nRelativamente alla natura dei cookie, ne esistono di diversi tipi:<\/p>\n<p><strong>Cookie tecnici<\/strong><br \/>\nI cookie tecnici sono quelli utilizzati al solo fine di \u201ceffettuare la trasmissione di una comunicazione su una rete di comunicazione elettronica, o nella misura strettamente necessaria al fornitore di un servizio della societ\u00e0 dell\u2019informazione esplicitamente richiesto dall\u2019abbonato o dall\u2019utente a erogare tale servizio\u201d (cfr. art. 122, comma 1, del Codice).<\/p>\n<p>Essi non vengono utilizzati per scopi ulteriori e sono normalmente installati direttamente dal titolare o gestore del sito web. Possono essere suddivisi in:<br \/>\n\u2022 cookie di navigazione o di sessione, che garantiscono la normale navigazione e fruizione del sito web (permettendo, ad esempio, di realizzare un acquisto o autenticarsi per accedere ad aree riservate); essi sono di fatto necessari per il corretto funzionamento del sito;<br \/>\n\u2022 cookie analytics, assimilati ai cookie tecnici laddove utilizzati direttamente dal gestore del sito per raccogliere informazioni, in forma aggregata, sul numero degli utenti e su come questi visitano il sito stesso, al fine di migliorare le performance del sito;<br \/>\n\u2022 cookie di funzionalit\u00e0, che permettono all\u2019utente la navigazione in funzione di una serie di criteri selezionati (ad esempio, la lingua, i prodotti selezionati per l\u2019acquisto) al fine di migliorare il servizio reso allo stesso. Per l\u2019installazione di tali cookie non \u00e8 richiesto il preventivo consenso degli utenti (pi\u00f9 informazioni nel paragrafo Gestione dei cookie in basso).<\/p>\n<p><strong>Cookie di profilazione<\/strong><br \/>\nI cookie di profilazione sono volti a creare profili relativi all\u2019utente e vengono utilizzati al fine di inviare messaggi pubblicitari in linea con le preferenze manifestate dallo stesso nell\u2019ambito della navigazione in rete.<br \/>\nIl titolare del sito\u00a0<strong>non utilizza<\/strong>\u00a0cookie di profilazione pubblicitaria per l\u2019invio di pubblicit\u00e0, promozioni e offerte commerciali in linea con le preferenze manifestate dall\u2019utente durante la navigazione.<\/p>\n<p><strong>Cookie installati su questo sito<\/strong>:<br \/>\nEcco l\u2019elenco dei cookie (raggruppati logicamente a livello di funzionalit\u00e0 o fornitore) presenti su questo sito. I cookie di terze parti presentano il collegamento all\u2019informativa della privacy del relativo fornitore esterno, dove \u00e8 possibile trovare una dettagliata descrizione dei singoli cookie e del trattamento che ne viene fatto.<\/p>\n<p><strong><br \/>\nCookies di navigazione<\/strong><\/p>\n<p>Questi cookies sono fondamentali per permettervi di muovervi all\u2019interno del sito e per usare le sue funzionalit\u00e0, quali ad esempio accedere alle aree riservate del sito internet. Senza questi cookies non possono essere forniti i servizi richiesti, come ad esempio il carrello acquisti o i pagamenti on-line.<\/p>\n<p>I cookies strettamente necessari sono utilizzati per memorizzare un identificatore univoco al fine di gestire e identificare l\u2019utente in quanto unico rispetto agli altri utenti che in quel momento stanno visitando il sito, in modo da fornire all\u2019utente un servizio coerente e preciso.<\/p>\n<p>Alcuni esempi comprendono:<\/p>\n<p>\u2022 Il ricordo di precedenti azioni (per esempio testo inserito) durante la navigazione a ritroso verso una pagina nella medesima sessione;<br \/>\n\u2022 Gestione e passaggio di token di sicurezza a differenti servizi all\u2019interno di un sito internet per identificare lo status del visitatore (per esempio, registrato o non registrato);<br \/>\n\u2022 Mantenimento dei token per l\u2019implementazione di aree riservate del sito internet;<br \/>\n\u2022 Instradamento dei clienti verso specifiche versioni\/applicazioni di un servizio, come potrebbe rendersi necessario durante una migrazione tecnica.<\/p>\n<p>Puoi disabilitare questi cookie dal browser seguendo le indicazioni in questo documento, ma comprometterai la tua esperienza sul sito e non potremo rispondere dei malfunzionamenti.<\/p>\n<p><strong>Google Analytics<\/strong><br \/>\nQuesto sito web utilizza Google Analytics, un servizio di analisi web fornito da Google, Inc. (\u201cGoogle\u201d). Google Analytics utilizza dei \u201ccookies\u201d, che sono file di testo che vengono depositati sul Vostro computer per consentire al sito web di analizzare come gli utenti utilizzano il sito. Le informazioni generate dal cookie sull\u2019utilizzo del sito web da parte Vostra (compreso il Vostro indirizzo IP) verranno trasmesse a, e depositate presso i server di Google negli Stati Uniti. Google utilizzer\u00e0 queste informazioni allo scopo di tracciare e esaminare il Vostro utilizzo del sito web, compilare report sulle attivita del sito web per gli operatori del sito web e fornire altri servizi relativi alle attivita del sito web e all\u2019utilizzo di Internet. Google pu\u00f2 anche trasferire queste informazioni a terzi ove ci\u00f2 sia imposto dalla legge o laddove tali terzi trattino le suddette informazioni per conto di Google. Google non assocer\u00e0 il vostro indirizzo IP a nessun altro dato posseduto da Google. Potete rifiutarvi di usare i cookies selezionando l\u2019impostazione appropriata sul vostro browser, ma ci\u00f2 potrebbe impedirvi di utilizzare tutte le funzionalit\u00e0 di questo sito web. Utilizzando il presente sito web, voi acconsentite al trattamento dei Vostri dati da parte di Google per le modalit\u00e0 e i fini sopraindicati. Per maggiori informazioni, consultare la pagina\u00a0<a href=\"https:\/\/developers.google.com\/analytics\/devguides\/collection\/analyticsjs\/cookie-usage\">https:\/\/developers.google.com\/analytics\/devguides\/collection\/analyticsjs\/cookie-usage<\/a><\/p>\n<p><strong>PayPal<\/strong><br \/>\nPayPal \u00e8 un servizio per effettuare pagamenti online, fornito da PayPal Inc. di cui si serve il sito.\u00a0<a href=\"https:\/\/www.paypal.com\/it\/webapps\/mpp\/ua\/privacy-full\">Privacy Policy<\/a><\/p>\n<p><strong>Facebook<\/strong><br \/>\nFacebook utilizza cookie per offrire all\u2019utente funzionalit\u00e0 di condivisione e di \u201clike\u201d sulla propria bacheca. Per maggiori informazioni, consultare la pagina\u00a0<a href=\"https:\/\/www.facebook.com\/about\/privacy\">https:\/\/www.facebook.com\/about\/privacy<\/a><\/p>\n<p><strong>Twitter<\/strong><br \/>\nTwitter utilizza cookie per offrire all\u2019utente funzionalit\u00e0 di condivisione sulla propria bacheca.<br \/>\nPer maggiori informazioni, consultare le pagine:\u00a0<a href=\"https:\/\/support.twitter.com\/articles\/20170519-uso-dei-cookie-e-di-altre-tecnologie-simili-da-parte-di-twitter\">https:\/\/support.twitter.com\/articles\/20170519-uso-dei-cookie-e-di-altre-tecnologie-simili-da-parte-di-twitter<\/a>\u00a0e\u00a0<a href=\"https:\/\/twitter.com\/privacy?lang=it\">https:\/\/twitter.com\/privacy?lang=it<\/a><\/p>\n<p><strong>Google+<\/strong><br \/>\nGoogle+ utilizza cookie per offrire all\u2019utente funzionalit\u00e0 di condivisione sulla propria bacheca.<br \/>\nPer maggiori informazioni, consultare la pagina\u00a0<a href=\"http:\/\/www.google.com\/policies\/technologies\/cookies\/\">http:\/\/www.google.com\/policies\/technologies\/cookies\/<\/a><\/p>\n<p><strong>Pinterest<\/strong><br \/>\nPinterest utilizza cookie per offrire all\u2019utente funzionalit\u00e0 di condivisione sulla propria bacheca.<br \/>\nPer maggiori informazioni, consultare la pagina\u00a0<a href=\"https:\/\/about.pinterest.com\/it\/privacy-policy\">https:\/\/about.pinterest.com\/it\/privacy-policy<\/a><\/p>\n<p><strong>Google Map<\/strong><br \/>\nSul sito viene utilizzato il servizio di mappe interattivo fornito da Google Map. La visualizzazione<br \/>\ndella mappa rilascia dei cookie di cui alcuni relativi a Google Adsense gi\u00e0 citato in questa pagina.<br \/>\n<a href=\"https:\/\/www.google.com\/intl\/it\/policies\/\">Maggiori informazioni sul funzionamento dei cookie Google Map<\/a>.<\/p>\n<p><strong>Youtube<\/strong><br \/>\nYoutube \u00e8 un servizio di visualizzazione di contenuti video gestito da Google Inc. che permette a questa Applicazione di integrare tali contenuti all\u2019interno delle proprie pagine.<br \/>\nPer maggiori informazioni, consultare la pagina\u00a0<a href=\"http:\/\/www.google.it\/intl\/it\/policies\/privacy\/\">http:\/\/www.google.it\/intl\/it\/policies\/privacy\/<\/a><\/p>\n<p><strong>Durata dei cookie<\/strong><br \/>\nI cookie hanno una durata dettata dalla data di scadenza (o da un\u2019azione specifica come la chiusura del browser) impostata al momento dell\u2019installazione.<br \/>\nI cookie possono essere:<br \/>\n\u2022 temporanei o di sessione (session cookie): sono utilizzati per archiviare informazioni temporanee, consentono di collegare le azioni eseguite durante una sessione specifica e vengono rimossi dal computer alla chiusura del browser;<br \/>\n\u2022 permanenti (persistent cookie): sono utilizzati per archiviare informazioni, ad esempio il nome e la password di accesso, in modo da evitare che l\u2019utente debba digitarli nuovamente ogni volta che visita un sito specifico. Questi rimangono memorizzati nel computer anche dopo aver chiuso il browser.<\/p>\n<p>\u2014\u2014\u2014\u2014\u2014\u2014\u2014\u2014\u2014\u2014\u2014\u2014\u2014\u2013<\/p>\n<p><strong>Gestione dei cookie<\/strong><br \/>\nIn rispetto alle direttive del Codice in materia di protezione dei dati personali (d.lg. 30 giugno 2003, n. 196, di seguito \u201cCodice\u201d) e, in particolare, agli artt. 13, comma 3 e 122, comma 1 e in riferimento al provvedimento di Individuazione delle modalit\u00e0 semplificate per l\u2019informativa e l\u2019acquisizione del consenso per l\u2019uso dei cookie \u2013 8 maggio 2014 (Pubblicato sulla Gazzetta Ufficiale n. 126 del 3 giugno 2014), puoi modificare in qualsiasi momento il consenso ai cookie tramite le istruzioni presenti in questo documento.<\/p>\n<p>Se \u00e8 gi\u00e0 stato dato il consenso ma si vogliono cambiare le autorizzazioni dei cookie, bisogna cancellarli attraverso il browser, come indicato sotto, perch\u00e9 altrimenti quelli gi\u00e0 installati non verranno rimossi. In particolare, si tenga presente che non \u00e8 possibile in alcun modo controllare i cookie di terze parti, quindi se \u00e8 gi\u00e0 stato dato precedentemente il consenso, \u00e8 necessario procedere alla cancellazione dei cookie attraverso il browser (sezione dedicata) oppure chiedendo l\u2019opt-out direttamente alle terze parti o tramite il sito\u00a0<a href=\"http:\/\/www.youronlinechoices.com\/it\/le-tue-scelte\">http:\/\/www.youronlinechoices.com\/it\/le-tue-scelte<\/a><\/p>\n<p>Se vuoi saperne di pi\u00f9, puoi consultare i seguenti siti:<br \/>\n\u2022\u00a0<a href=\"http:\/\/www.youronlinechoices.com\/\">http:\/\/www.youronlinechoices.com\/<\/a><br \/>\n\u2022\u00a0<a href=\"http:\/\/www.allaboutcookies.org\/\">http:\/\/www.allaboutcookies.org\/<\/a><br \/>\n\u2022\u00a0<a href=\"https:\/\/www.cookiechoices.org\/\">https:\/\/www.cookiechoices.org\/<\/a><br \/>\n\u2022\u00a0<a href=\"http:\/\/www.garanteprivacy.it\/web\/guest\/home\/docweb\/-\/docweb-display\/docweb\/3118884\">http:\/\/www.garanteprivacy.it\/web\/guest\/home\/docweb\/-\/docweb-display\/docweb\/3118884<\/a><\/p>\n<p>\u2014\u2014\u2014\u2014\u2014\u2014\u2014\u2014\u2014\u2014\u2014\u2014\u2014\u2013<\/p>\n<p><strong>Come disabilitare\/cancellare i cookie mediante configurazione del browser:<br \/>\n<\/strong><br \/>\n<strong>Chrome<\/strong><br \/>\n1. Eseguire il Browser Chrome<br \/>\n2. Fare click sul men\u00f9 presente nella barra degli strumenti del browser a fianco della finestra di inserimento url per la navigazione<br \/>\n3. Selezionare Impostazioni<br \/>\n4. Fare clic su Mostra Impostazioni Avanzate<br \/>\n5. Nella sezione \u201cPrivacy\u201d fare clic su bottone \u201cImpostazioni contenuti\u201c<br \/>\n6. Nella sezione \u201cCookie\u201d \u00e8 possibile modificare le seguenti impostazioni relative ai cookie:<br \/>\n\u2022 Consentire il salvataggio dei dati in locale<br \/>\n\u2022 Modificare i dati locali solo fino alla chiusura del browser<br \/>\n\u2022 Impedire ai siti di impostare i cookie<br \/>\n\u2022 Bloccare i cookie di terze parti e i dati dei siti<br \/>\n\u2022 Gestire le eccezioni per alcuni siti internet<br \/>\n\u2022 Eliminare uno o tutti i cookie<br \/>\nPer maggiori informazioni visita la\u00a0<a href=\"https:\/\/support.google.com\/accounts\/answer\/61416?hl=en\">pagina dedicata<\/a>.<\/p>\n<p><strong>Mozilla Firefox<\/strong><br \/>\n1. Eseguire il Browser Mozilla Firefox<br \/>\n2. Fare click sul men\u00f9 presente nella barra degli strumenti del browser a fianco della finestra di inserimento url per la navigazione<br \/>\n3. Selezionare Opzioni<br \/>\n4. Selezionare il pannello Privacy<br \/>\n5. Fare clic su Mostra Impostazioni Avanzate<br \/>\n6. Nella sezione \u201cPrivacy\u201d fare clic su bottone \u201cImpostazioni contenuti\u201c<br \/>\n7. Nella sezione \u201cTracciamento\u201d \u00e8 possibile modificare le seguenti impostazioni relative ai cookie:<br \/>\n\u2022 Richiedi ai siti di non effettuare alcun tracciamento<br \/>\n\u2022 Comunica ai siti la disponibilit\u00e0 ad essere tracciato<br \/>\n\u2022 Non comunicare alcuna preferenza relativa al tracciamento dei dati personali<br \/>\n8. Dalla sezione \u201cCronologia\u201d \u00e8 possibile:<br \/>\n\u2022 Abilitando \u201cUtilizza impostazioni personalizzate\u201d selezionare di accettare i cookie di terze parti (sempre, dai siti pi\u00f9 visitato o mai) e di conservarli per un periodo determinato (fino alla loro scadenza, alla chiusura di Firefox o di chiedere ogni volta)<br \/>\n\u2022 Rimuovere i singoli cookie immagazzinati.<br \/>\nPer maggiori informazioni visita la\u00a0<a href=\"https:\/\/support.mozilla.org\/en-US\/kb\/enable-and-disable-cookies-website-preferences\">pagina dedicata<\/a>.<\/p>\n<p><strong>Internet Explorer<\/strong><br \/>\n1. Eseguire il Browser Internet Explorer<br \/>\n2. Fare click sul pulsante Strumenti e scegliere Opzioni Internet<br \/>\n3. Fare click sulla scheda Privacy e, nella sezione Impostazioni, modificare il dispositivo di scorrimento in funzione dell\u2019azione desiderata per i cookie:<br \/>\n\u2022 Bloccare tutti i cookie<br \/>\n\u2022 Consentire tutti i cookie<br \/>\n\u2022 Selezionare i siti da cui ottenere cookie: spostare il cursore in una posizione intermedia in modo da non bloccare o consentire tutti i cookie, premere quindi su Siti, nella casella Indirizzo Sito Web inserire un sito internet e quindi premere su Blocca o Consenti.<br \/>\nPer maggiori informazioni visita la\u00a0<a href=\"http:\/\/windows.microsoft.com\/it-it\/windows-vista\/block-or-allow-cookies\">pagina dedicata<\/a>.<\/p>\n<p><strong>Safari 6<\/strong><br \/>\n1. Eseguire il Browser Safari<br \/>\n2. Fare click su Safari, selezionare Preferenze e premere su Privacy<br \/>\n3. Nella sezione Blocca Cookie specificare come Safari deve accettare i cookie dai siti internet.<br \/>\n4. Per visionare quali siti hanno immagazzinato i cookie cliccare su Dettagli<br \/>\nPer maggiori informazioni visita la pagina dedicata.<\/p>\n<p><strong>Safari iOS (dispositivi mobile)<\/strong><br \/>\n1. Eseguire il Browser Safari iOS<br \/>\n2. Tocca su Impostazioni e poi Safari 3. Tocca su Blocca Cookie e scegli tra le varie opzioni: \u201cMai\u201d, \u201cDi terze parti e inserzionisti\u201d o \u201cSempre\u201d<br \/>\n4. Per cancellare tutti i cookie immagazzinati da Safari, tocca su Impostazioni, poi su Safari e infine su Cancella Cookie e dati<br \/>\nPer maggiori informazioni visita la\u00a0<a href=\"https:\/\/support.apple.com\/en-us\/HT201265\">pagina dedicata<\/a>.<\/p>\n<p><strong>Opera<\/strong><br \/>\n1. Eseguire il Browser Opera<br \/>\n2. Fare click sul Preferenze poi su Avanzate e infine su Cookie<br \/>\n3. Selezionare una delle seguenti opzioni:<br \/>\n\u2022 Accetta tutti i cookie<br \/>\n\u2022 Accetta i cookie solo dal sito che si visita: i cookie di terze parti e quelli che vengono inviati da un dominio diverso da quello che si sta visitando verranno rifiutati<br \/>\n\u2022 Non accettare mai i cookie: tutti i cookie non verranno mai salvati. Per maggiori informazioni visita la\u00a0<a href=\"http:\/\/www.opera.com\/help\/tutorials\/security\/privacy\/\">pagina dedicata<\/a>.<\/p>\n","protected":false},"excerpt":{"rendered":"<p>INFORMATIVA ESTESA SUI COOKIE Titolare del trattamento ISOLCASA\u00a0s.r.l. &#8211; Via Montalbano, 1377\/o &#8211; 47842 San Giovanni in M. (RN) Tel. 0541 955505 &#8211; Fax 0541 955444,<span class=\"excerpt-hellip\"> [\u2026]<\/span><\/p>\n","protected":false},"author":1,"featured_media":0,"parent":0,"menu_order":0,"comment_status":"closed","ping_status":"closed","template":"","meta":[],"_links":{"self":[{"href":"https:\/\/www.isolcasa.it\/reserved\/wp-json\/wp\/v2\/pages\/3484"}],"collection":[{"href":"https:\/\/www.isolcasa.it\/reserved\/wp-json\/wp\/v2\/pages"}],"about":[{"href":"https:\/\/www.isolcasa.it\/reserved\/wp-json\/wp\/v2\/types\/page"}],"author":[{"embeddable":true,"href":"https:\/\/www.isolcasa.it\/reserved\/wp-json\/wp\/v2\/users\/1"}],"replies":[{"embeddable":true,"href":"https:\/\/www.isolcasa.it\/reserved\/wp-json\/wp\/v2\/comments?post=3484"}],"version-history":[{"count":1,"href":"https:\/\/www.isolcasa.it\/reserved\/wp-json\/wp\/v2\/pages\/3484\/revisions"}],"predecessor-version":[{"id":10981,"href":"https:\/\/www.isolcasa.it\/reserved\/wp-json\/wp\/v2\/pages\/3484\/revisions\/10981"}],"wp:attachment":[{"href":"https:\/\/www.isolcasa.it\/reserved\/wp-json\/wp\/v2\/media?parent=3484"}],"curies":[{"name":"wp","href":"https:\/\/api.w.org\/{rel}","templated":true}]}}